{"id":148,"date":"2024-08-04T03:36:06","date_gmt":"2024-08-04T03:36:06","guid":{"rendered":"https:\/\/findroomagency.com\/contact\/"},"modified":"2025-02-10T00:04:26","modified_gmt":"2025-02-10T00:04:26","slug":"contact","status":"publish","type":"page","link":"https:\/\/findroomagency.com\/en\/contact\/","title":{"rendered":"Contact"},"content":{"rendered":"<div class=\"wp-block-uagb-container uagb-block-cd2bf25d alignfull uagb-is-root-container\"><div class=\"uagb-container-inner-blocks-wrap\">\n<div class=\"wp-block-uagb-advanced-heading uagb-block-26b518ac\"><p class=\"uagb-desc-text\">Contact us to<\/p><h1 class=\"uagb-heading-text\">Resolve your questions and schedule your appointment<\/h1><\/div>\n\n\n\n<div class=\"wp-block-uagb-buttons uagb-buttons__outer-wrap uagb-btn__default-btn uagb-btn-tablet__default-btn uagb-btn-mobile__default-btn uagb-block-75015840\"><div class=\"uagb-buttons__wrap uagb-buttons-layout-wrap\">\n<div class=\"wp-block-uagb-buttons-child uagb-buttons__outer-wrap uagb-block-cb211264 wp-block-button\"><div class=\"uagb-button__wrapper\"><a class=\"uagb-buttons-repeater wp-block-button__link\" aria-label=\"\" href=\"#https:\/\/meetings-eu1.hubspot.com\/find-room?uuid=20e2b17a-8724-40d7-b459-fd7ea5a7f5f7\" rel=\"follow noopener\" target=\"_self\" role=\"button\"><div class=\"uagb-button__link\">Schedule an appointment<\/div><\/a><\/div><\/div>\n<\/div><\/div>\n<\/div><\/div>\n\n\n\n<div class=\"wp-block-uagb-container uagb-block-c7670046 alignfull uagb-is-root-container\"><div class=\"uagb-container-inner-blocks-wrap\">\n<div class=\"wp-block-uagb-container uagb-block-05153808\">\n<div class=\"wp-block-uagb-container uagb-block-faa1c24d\">\n<div class=\"wp-block-uagb-info-box uagb-block-8caded58 uagb-infobox__content-wrap  uagb-infobox_cta-type-all uagb-infobox-icon-above-title uagb-infobox-image-valign-top\"><a href=\"https:\/\/wa.me\/34651461197?text=\u00a1Hola%20Chicas!%20%0D%0AMe%20interesan%20vuestros%20servicios%2C%20\u00bfme%20pod\u00e9is%20brindar%20m\u00e1s%20informaci\u00f3n%3F\" class=\"uagb-infobox-link-wrap uagb-infbox__link-to-all\" target=\"_self\" aria-label=\"Infobox Link\" rel=\"noopener noreferrer\" onclick=\"return true;\"><\/a><div class=\"uagb-ifb-content\"><div class=\"uagb-ifb-icon-wrap\"><div class=\"uagb-iconbox-icon-wrap uagb-infobox-shape-circle\"><svg xmlns=\"https:\/\/www.w3.org\/2000\/svg\" viewbox=\"0 0 512 512\"><path d=\"M511.2 387l-23.25 100.8c-3.266 14.25-15.79 24.22-30.46 24.22C205.2 512 0 306.8 0 54.5c0-14.66 9.969-27.2 24.22-30.45l100.8-23.25C139.7-2.602 154.7 5.018 160.8 18.92l46.52 108.5c5.438 12.78 1.77 27.67-8.98 36.45L144.5 207.1c33.98 69.22 90.26 125.5 159.5 159.5l44.08-53.8c8.688-10.78 23.69-14.51 36.47-8.975l108.5 46.51C506.1 357.2 514.6 372.4 511.2 387z\"><\/path><\/svg><\/div><\/div><div class=\"uagb-ifb-title-wrap\"><span class=\"uagb-ifb-title-prefix\">wHASTAPP<\/span><p class=\"uagb-ifb-title\">+34 651 46 11 97 <\/p><\/div><div class=\"uagb-ifb-button-wrapper wp-block-button\"><\/div><\/div><\/div>\n<\/div>\n\n\n\n<div class=\"wp-block-uagb-container uagb-block-d4c5e935\">\n<div class=\"wp-block-uagb-info-box uagb-block-4c21e0a2 uagb-infobox__content-wrap  uagb-infobox_cta-type-all uagb-infobox-icon-above-title uagb-infobox-image-valign-top\"><a href=\"\" class=\"uagb-infobox-link-wrap uagb-infbox__link-to-all\" target=\"_self\" aria-label=\"Infobox Link\" rel=\"noopener noreferrer\" onclick=\"return false;\"><\/a><div class=\"uagb-ifb-content\"><div class=\"uagb-ifb-icon-wrap\"><div class=\"uagb-iconbox-icon-wrap uagb-infobox-shape-circle\"><svg xmlns=\"https:\/\/www.w3.org\/2000\/svg\" viewbox=\"0 0 512 512\"><path d=\"M464 64C490.5 64 512 85.49 512 112C512 127.1 504.9 141.3 492.8 150.4L275.2 313.6C263.8 322.1 248.2 322.1 236.8 313.6L19.2 150.4C7.113 141.3 0 127.1 0 112C0 85.49 21.49 64 48 64H464zM217.6 339.2C240.4 356.3 271.6 356.3 294.4 339.2L512 176V384C512 419.3 483.3 448 448 448H64C28.65 448 0 419.3 0 384V176L217.6 339.2z\"><\/path><\/svg><\/div><\/div><div class=\"uagb-ifb-title-wrap\"><span class=\"uagb-ifb-title-prefix\">Email<\/span><p class=\"uagb-ifb-title\">admi.findroom@gmail.com<\/p><\/div><div class=\"uagb-ifb-button-wrapper wp-block-button\"><\/div><\/div><\/div>\n<\/div>\n\n\n\n<div class=\"wp-block-uagb-container uagb-block-bd101414\">\n<div class=\"wp-block-uagb-info-box uagb-block-c502e423 uagb-infobox__content-wrap  uagb-infobox-icon-above-title uagb-infobox-image-valign-top\"><div class=\"uagb-ifb-content\"><div class=\"uagb-ifb-icon-wrap\"><div class=\"uagb-iconbox-icon-wrap uagb-infobox-shape-circle\"><svg xmlns=\"https:\/\/www.w3.org\/2000\/svg\" viewbox=\"0 0 384 512\"><path d=\"M168.3 499.2C116.1 435 0 279.4 0 192C0 85.96 85.96 0 192 0C298 0 384 85.96 384 192C384 279.4 267 435 215.7 499.2C203.4 514.5 180.6 514.5 168.3 499.2H168.3zM192 256C227.3 256 256 227.3 256 192C256 156.7 227.3 128 192 128C156.7 128 128 156.7 128 192C128 227.3 156.7 256 192 256z\"><\/path><\/svg><\/div><\/div><div class=\"uagb-ifb-title-wrap\"><span class=\"uagb-ifb-title-prefix\">Adress<\/span><p class=\"uagb-ifb-title\">Barcelona, Espa\u00f1a<\/p><\/div><\/div><\/div>\n<\/div>\n<\/div>\n\n\n\n<div class=\"wp-block-uagb-advanced-heading uagb-block-211bee87\"><h2 class=\"uagb-heading-text\"><strong><mark style=\"background-color:rgba(0, 0, 0, 0)\" class=\"has-inline-color has-ast-global-color-0-color\">D\u00e9janos tus datos y nos encargamos del resto<\/mark><\/strong> \ud83d\ude80 <\/h2><\/div>\n\n\n<style id=\"wpforms-css-vars-863-block-6dd21fb2-a189-45e5-a98e-2ddb66463c13\">\n\t\t\t\t#wpforms-863.wpforms-block-6dd21fb2-a189-45e5-a98e-2ddb66463c13 {\n\t\t\t\t--wpforms-label-color: var(--ast-global-color-0);\n--wpforms-label-error-color: #9b51e0;\n--wpforms-button-background-color: var(--ast-global-color-0);\n--wpforms-button-text-color: var(--ast-global-color-5);\n--wpforms-field-size-input-height: 43px;\n--wpforms-field-size-input-spacing: 15px;\n--wpforms-field-size-font-size: 16px;\n--wpforms-field-size-line-height: 19px;\n--wpforms-field-size-padding-h: 14px;\n--wpforms-field-size-checkbox-size: 16px;\n--wpforms-field-size-sublabel-spacing: 5px;\n--wpforms-field-size-icon-size: 1;\n--wpforms-label-size-font-size: 16px;\n--wpforms-label-size-line-height: 19px;\n--wpforms-label-size-sublabel-font-size: 14px;\n--wpforms-label-size-sublabel-line-height: 17px;\n--wpforms-button-size-font-size: 20px;\n--wpforms-button-size-height: 48px;\n--wpforms-button-size-padding-h: 20px;\n--wpforms-button-size-margin-top: 15px;\n\t\t\t}\n\t\t\t<\/style><div class=\"wpforms-container wpforms-container-full wpforms-block wpforms-block-6dd21fb2-a189-45e5-a98e-2ddb66463c13 wpforms-render-modern\" id=\"wpforms-863\"><form id=\"wpforms-form-863\" class=\"wpforms-validate wpforms-form wpforms-ajax-form\" data-formid=\"863\" method=\"post\" enctype=\"multipart\/form-data\" action=\"\/en\/wp-json\/wp\/v2\/pages\/148\" data-token=\"0c7db746309d7f563da067bd5325ff62\" data-token-time=\"1776775822\" data-trp-original-action=\"\/en\/wp-json\/wp\/v2\/pages\/148\"><noscript class=\"wpforms-error-noscript\">Please enable JavaScript in your browser to complete this form.<\/noscript><div id=\"wpforms-error-noscript\" style=\"display: none;\">Please enable JavaScript in your browser to complete this form.<\/div><div class=\"wpforms-field-container\"><div id=\"wpforms-863-field_1-container\" class=\"wpforms-field wpforms-field-name\" data-field-id=\"1\"><label class=\"wpforms-field-label\" for=\"wpforms-863-field_1\">Nombre <span class=\"wpforms-required-label\" aria-hidden=\"true\">*<\/span><\/label><input type=\"text\" id=\"wpforms-863-field_1\" class=\"wpforms-field-medium wpforms-field-required\" name=\"wpforms[fields][1]\" aria-errormessage=\"wpforms-863-field_1-error\" required><\/div><div id=\"wpforms-863-field_2-container\" class=\"wpforms-field wpforms-field-email\" data-field-id=\"2\"><label class=\"wpforms-field-label\" for=\"wpforms-863-field_2\">Email <span class=\"wpforms-required-label\" aria-hidden=\"true\">*<\/span><\/label><input type=\"email\" id=\"wpforms-863-field_2\" class=\"wpforms-field-medium wpforms-field-required\" name=\"wpforms[fields][2]\" spellcheck=\"false\" aria-errormessage=\"wpforms-863-field_2-error\" required><\/div><div id=\"wpforms-863-field_5-container\" class=\"wpforms-field wpforms-field-number\" data-field-id=\"5\"><label class=\"wpforms-field-label\" for=\"wpforms-863-field_5\">Phone <\/label><input type=\"number\" id=\"wpforms-863-field_5\" class=\"wpforms-field-medium\" name=\"wpforms[fields][5]\" step=\"any\" aria-errormessage=\"wpforms-863-field_5-error\" ><\/div>\t\t<div id=\"wpforms-863-field_6-container\"\n\t\t\tclass=\"wpforms-field wpforms-field-text\"\n\t\t\tdata-field-type=\"text\"\n\t\t\tdata-field-id=\"6\"\n\t\t\t>\n\t\t\t<label class=\"wpforms-field-label\" for=\"wpforms-863-field_6\" > electr\u00f3nico podemos<\/label>\n\t\t\t<input type=\"text\" id=\"wpforms-863-field_6\" class=\"wpforms-field-medium\" name=\"wpforms[fields][6]\" >\n\t\t<\/div>\n\t\t<div id=\"wpforms-863-field_4-container\" class=\"wpforms-field wpforms-field-select wpforms-field-select-style-classic\" data-field-id=\"4\"><label class=\"wpforms-field-label\" for=\"wpforms-863-field_4\">Tipo de servicio <span class=\"wpforms-required-label\" aria-hidden=\"true\">*<\/span><\/label><select id=\"wpforms-863-field_4\" class=\"wpforms-field-medium wpforms-field-required\" name=\"wpforms[fields][4]\" required=\"required\"><option value=\"Tr\u00e1mites Legales\"  class=\"choice-1 depth-1\"  >Tr\u00e1mites Legales<\/option><option value=\"Verificaci\u00f3n de Habitaci\u00f3n\"  class=\"choice-2 depth-1\"  >Verificaci\u00f3n de Habitaci\u00f3n<\/option><option value=\"B\u00fasqueda de Habitaci\u00f3n\"  class=\"choice-3 depth-1\"  >B\u00fasqueda de Habitaci\u00f3n<\/option><option value=\"Otro\"  class=\"choice-4 depth-1\"  >Otro<\/option><\/select><div id=\"wpforms-863-field_4-description\" class=\"wpforms-field-description\">Indica el tipo de servicio que te interesa.<\/div><\/div><div id=\"wpforms-863-field_3-container\" class=\"wpforms-field wpforms-field-textarea\" data-field-id=\"3\"><label class=\"wpforms-field-label\" for=\"wpforms-863-field_3\">Cu\u00e9ntanos c\u00f3mo te podemos ayudar <span class=\"wpforms-required-label\" aria-hidden=\"true\">*<\/span><\/label><textarea id=\"wpforms-863-field_3\" class=\"wpforms-field-medium wpforms-field-required\" name=\"wpforms[fields][3]\" aria-errormessage=\"wpforms-863-field_3-error\" required><\/textarea><\/div><script>\n\t\t\t\t( function() {\n\t\t\t\t\tconst style = document.createElement( 'style' );\n\t\t\t\t\tstyle.appendChild( document.createTextNode( '#wpforms-863-field_6-container { position: absolute !important; overflow: hidden !important; display: inline !important; height: 1px !important; width: 1px !important; z-index: -1000 !important; padding: 0 !important; } #wpforms-863-field_6-container input { visibility: hidden; } #wpforms-conversational-form-page #wpforms-863-field_6-container label { counter-increment: none; }' ) );\n\t\t\t\t\tdocument.head.appendChild( style );\n\t\t\t\t\tdocument.currentScript?.remove();\n\t\t\t\t} )();\n\t\t\t<\/script><\/div><!-- .wpforms-field-container --><div class=\"wpforms-submit-container\" ><input type=\"hidden\" name=\"wpforms[id]\" value=\"863\"><input type=\"hidden\" name=\"page_title\" value=\"\"><input type=\"hidden\" name=\"page_url\" value=\"https:\/\/findroomagency.com\/en\/wp-json\/wp\/v2\/pages\/148\"><input type=\"hidden\" name=\"url_referer\" value=\"\"><button type=\"submit\" name=\"wpforms[submit]\" id=\"wpforms-submit-863\" class=\"wpforms-submit\" data-alt-text=\"Enviando...\" data-submit-text=\"\u00a1Listo!\" aria-live=\"assertive\" value=\"wpforms-submit\">\u00a1Listo!<\/button><img loading=\"lazy\" decoding=\"async\" src=\"https:\/\/findroomagency.com\/wp-content\/plugins\/wpforms-lite\/assets\/images\/submit-spin.svg\" class=\"wpforms-submit-spinner\" style=\"display: none;\" width=\"26\" height=\"26\" alt=\"Loading\"><\/div><input type=\"hidden\" name=\"trp-form-language\" value=\"en\"\/><\/form><\/div>  <!-- .wpforms-container -->\n\n\n<div class=\"wp-block-uagb-container uagb-block-77f8881d\"><\/div>\n<\/div><\/div>\n\n\n\n<div class=\"wp-block-uagb-container uagb-block-27be5c5d alignfull uagb-is-root-container\">\t\t\t<div \n\t\t\tclass=\"wp-block-uagb-google-map uagb-google-map__wrap uagb-block-229b90f5\"\n\t\t\tstyle=\"\" >\n\t\t\t\t<embed\n\t\t\t\t\tclass=\"uagb-google-map__iframe\"\n\t\t\t\t\ttitle=\"Google Map for \"\n\t\t\t\t\tsrc=\"https:\/\/maps.google.com\/maps?q=Barcelona%2C%20espa%C3%B1a&#038;z=12&#038;hl=en&#038;t=m&#038;output=embed&#038;iwloc=near\"\n\t\t\t\t\twidth=\"640\"\n\t\t\t\t\theight=\"500\"\n\t\t\t\t\tloading=\"lazy\"\n\t\t\t\t><\/embed>\n\t\t\t<\/div>\n\t\t\t<\/div>\n\n\n\n<div class=\"wp-block-uagb-container uagb-block-e48afbb0 alignfull uagb-is-root-container\"><div class=\"uagb-container-inner-blocks-wrap\">\n<div class=\"wp-block-uagb-info-box uagb-block-c1c19ed1 uagb-infobox__content-wrap  uagb-infobox-icon-above-title uagb-infobox-image-valign-top\"><div class=\"uagb-ifb-content\"><div class=\"uagb-ifb-title-wrap\"><span class=\"uagb-ifb-title-prefix\">Contact us now!<\/span><h2 class=\"uagb-ifb-title\">Ready to find your ideal room?<\/h2><\/div><p class=\"uagb-ifb-desc\">Don\u2019t wait any longer\u2014contact us for top-notch service and personalized advice. We\u2019re here for you!<\/p><div class=\"uagb-ifb-button-wrapper wp-block-button\"><a href=\"\/en\/contact\/\" class=\"uagb-infobox-cta-link wp-block-button__link\" target=\"_self\" rel=\"noopener noreferrer\" onclick=\"return true;\"><span class=\"uagb-inline-editing\">Book now!<\/span><\/a><\/div><\/div><\/div>\n<\/div><\/div>","protected":false},"excerpt":{"rendered":"<p>Cont\u00e1ctanos para Resolver tus dudas y reservar tu cita D\u00e9janos tus datos y nos encargamos del resto \ud83d\ude80<\/p>","protected":false},"author":1,"featured_media":0,"parent":0,"menu_order":0,"comment_status":"closed","ping_status":"closed","template":"","meta":{"om_disable_all_campaigns":false,"_surecart_dashboard_logo_width":"180px","_surecart_dashboard_show_logo":true,"_surecart_dashboard_navigation_orders":true,"_surecart_dashboard_navigation_subscriptions":true,"_surecart_dashboard_navigation_downloads":true,"_surecart_dashboard_navigation_billing":true,"_surecart_dashboard_navigation_account":true,"_uag_custom_page_level_css":"","_monsterinsights_skip_tracking":false,"_monsterinsights_sitenote_active":false,"_monsterinsights_sitenote_note":"","_monsterinsights_sitenote_category":0,"site-sidebar-layout":"default","site-content-layout":"","ast-site-content-layout":"","site-content-style":"default","site-sidebar-style":"default","ast-global-header-display":"","ast-banner-title-visibility":"","ast-main-header-display":"","ast-hfb-above-header-display":"","ast-hfb-below-header-display":"","ast-hfb-mobile-header-display":"","site-post-title":"disabled","ast-breadcrumbs-content":"","ast-featured-img":"","footer-sml-layout":"","theme-transparent-header-meta":"","adv-header-id-meta":"","stick-header-meta":"","header-above-stick-meta":"","header-main-stick-meta":"","header-below-stick-meta":"","astra-migrate-meta-layouts":"default","ast-page-background-enabled":"default","ast-page-background-meta":{"desktop":{"background-color":"var(--ast-global-color-4)","background-image":"","background-repeat":"repeat","background-position":"center center","background-size":"auto","background-attachment":"scroll","background-type":"","background-media":"","overlay-type":"","overlay-color":"","overlay-opacity":"","overlay-gradient":""},"tablet":{"background-color":"","background-image":"","background-repeat":"repeat","background-position":"center center","background-size":"auto","background-attachment":"scroll","background-type":"","background-media":"","overlay-type":"","overlay-color":"","overlay-opacity":"","overlay-gradient":""},"mobile":{"background-color":"","background-image":"","background-repeat":"repeat","background-position":"center center","background-size":"auto","background-attachment":"scroll","background-type":"","background-media":"","overlay-type":"","overlay-color":"","overlay-opacity":"","overlay-gradient":""}},"ast-content-background-meta":{"desktop":{"background-color":"var(--ast-global-color-5)","background-image":"","background-repeat":"repeat","background-position":"center center","background-size":"auto","background-attachment":"scroll","background-type":"","background-media":"","overlay-type":"","overlay-color":"","overlay-opacity":"","overlay-gradient":""},"tablet":{"background-color":"var(--ast-global-color-5)","background-image":"","background-repeat":"repeat","background-position":"center center","background-size":"auto","background-attachment":"scroll","background-type":"","background-media":"","overlay-type":"","overlay-color":"","overlay-opacity":"","overlay-gradient":""},"mobile":{"background-color":"var(--ast-global-color-5)","background-image":"","background-repeat":"repeat","background-position":"center center","background-size":"auto","background-attachment":"scroll","background-type":"","background-media":"","overlay-type":"","overlay-color":"","overlay-opacity":"","overlay-gradient":""}},"_glsr_average":0,"_glsr_ranking":0,"_glsr_reviews":0,"footnotes":""},"class_list":["post-148","page","type-page","status-publish","hentry"],"aioseo_notices":[],"jetpack_sharing_enabled":true,"uagb_featured_image_src":{"full":false,"thumbnail":false,"medium":false,"medium_large":false,"large":false,"1536x1536":false,"2048x2048":false,"trp-custom-language-flag":false,"woocommerce_thumbnail":false,"woocommerce_single":false,"woocommerce_gallery_thumbnail":false},"uagb_author_info":{"display_name":"findroom","author_link":"https:\/\/findroomagency.com\/en\/author\/findroom\/"},"uagb_comment_info":0,"uagb_excerpt":"Cont\u00e1ctanos para Resolver tus dudas y reservar tu cita D\u00e9janos tus datos y nos encargamos del resto \ud83d\ude80","_links":{"self":[{"href":"https:\/\/findroomagency.com\/en\/wp-json\/wp\/v2\/pages\/148","targetHints":{"allow":["GET"]}}],"collection":[{"href":"https:\/\/findroomagency.com\/en\/wp-json\/wp\/v2\/pages"}],"about":[{"href":"https:\/\/findroomagency.com\/en\/wp-json\/wp\/v2\/types\/page"}],"author":[{"embeddable":true,"href":"https:\/\/findroomagency.com\/en\/wp-json\/wp\/v2\/users\/1"}],"replies":[{"embeddable":true,"href":"https:\/\/findroomagency.com\/en\/wp-json\/wp\/v2\/comments?post=148"}],"version-history":[{"count":22,"href":"https:\/\/findroomagency.com\/en\/wp-json\/wp\/v2\/pages\/148\/revisions"}],"predecessor-version":[{"id":900,"href":"https:\/\/findroomagency.com\/en\/wp-json\/wp\/v2\/pages\/148\/revisions\/900"}],"wp:attachment":[{"href":"https:\/\/findroomagency.com\/en\/wp-json\/wp\/v2\/media?parent=148"}],"curies":[{"name":"wp","href":"https:\/\/api.w.org\/{rel}","templated":true}]}}