{"id":212,"date":"2024-08-04T03:39:52","date_gmt":"2024-08-04T03:39:52","guid":{"rendered":"https:\/\/findroomagency.com\/about-2\/"},"modified":"2025-02-10T00:49:45","modified_gmt":"2025-02-10T00:49:45","slug":"about-2","status":"publish","type":"page","link":"https:\/\/findroomagency.com\/en\/about-2\/","title":{"rendered":"About"},"content":{"rendered":"<div class=\"wp-block-uagb-container uagb-block-cd2bf25d alignfull uagb-is-root-container\"><div class=\"uagb-container-inner-blocks-wrap\">\n<div class=\"wp-block-uagb-advanced-heading uagb-block-26b518ac\"><p class=\"uagb-desc-text\">About us<\/p><h1 class=\"uagb-heading-text\">Discover our story and passion.<\/h1><\/div>\n<\/div><\/div>\n\n\n\n<div class=\"wp-block-uagb-container uagb-block-d9a6699b alignfull uagb-is-root-container\"><div class=\"uagb-container-inner-blocks-wrap\">\n<div class=\"wp-block-uagb-container uagb-block-2a0810e6\">\n<div class=\"wp-block-uagb-advanced-heading uagb-block-9ba080a1\"><p class=\"uagb-desc-text\">About us<\/p><h2 class=\"uagb-heading-text\">Who are we?<\/h2><\/div>\n\n\n\n<div class=\"wp-block-uagb-advanced-heading uagb-block-f12469fe\"><p class=\"uagb-heading-text\">FINDROOM es una agencia especializada en asesoramiento integral para extranjeros, enfocada en la b\u00fasqueda y  verificaci\u00f3n de habitaciones y zonas seguras en Barcelona, as\u00ed como en el acompa\u00f1amiento durante los tr\u00e1mites legales relacionados con la estancia. Utilizando nuestro profundo conocimiento local y experiencia, garantizamos que cada individuo no solo encuentre un lugar para vivir, sino un hogar donde pueda sentirse seguro y c\u00f3modo. <br><\/p><p class=\"uagb-desc-text\">We have assisted many people with their relocation to the city, handling every detail of the move with utmost precision and without intermediaries. Our mission is to simplify the adaptation process, allowing everyone to fully enjoy their new life in Barcelona from day one.<\/p><\/div>\n<\/div>\n\n\n\n<div class=\"wp-block-uagb-container uagb-block-34df9393\">\n<div class=\"wp-block-uagb-container uagb-block-cf29644c\">\n<div class=\"wp-block-uagb-advanced-heading uagb-block-ebb1536b\"><h3 class=\"uagb-heading-text\">Mission<\/h3><p class=\"uagb-desc-text\">Nuestra misi\u00f3n es ayudar a personas extranjeras a establecerse en Barcelona de manera segura y c\u00f3moda, prestando un servicio integral, mediante la b\u00fasqueda y verificaci\u00f3n de habitaciones, as\u00ed como el  asesoramiento legal.<br><\/p><\/div>\n<\/div>\n\n\n\n<div class=\"wp-block-uagb-container uagb-block-73a726e4\">\n<div class=\"wp-block-uagb-advanced-heading uagb-block-414c8d9f\"><h3 class=\"uagb-heading-text\">Vision<\/h3><p class=\"uagb-desc-text\">Nuestra visi\u00f3n es ser la agencia de referencia para personas extranjeras en Espa\u00f1a, tanto para quienes buscan mudarse como para quienes ya est\u00e1n aqu\u00ed y necesitan asesoramiento. <\/p><\/div>\n<\/div>\n\n\n\n<div class=\"wp-block-uagb-container uagb-block-8f052846\">\n<div class=\"wp-block-uagb-advanced-heading uagb-block-4bbdd7d2\"><h3 class=\"uagb-heading-text\">Values<\/h3><p class=\"uagb-desc-text\">Our values are rooted in professional ethics, transparency, commitment, and empathy with our clients.<\/p><\/div>\n<\/div>\n<\/div>\n<\/div><\/div>\n\n\n\n<div class=\"wp-block-uagb-container uagb-layout-grid uagb-block-6dd98696 alignfull uagb-is-root-container\"><div class=\"uagb-container-inner-blocks-wrap\">\n<div class=\"wp-block-uagb-image uagb-block-424e1e01 wp-block-uagb-image--layout-default wp-block-uagb-image--effect-static wp-block-uagb-image--align-none\"><figure class=\"wp-block-uagb-image__figure\"><img decoding=\"async\" srcset=\"https:\/\/findroomagency.com\/wp-content\/uploads\/2024\/08\/pexels-liza-summer-6348128.jpg ,https:\/\/findroomagency.com\/wp-content\/uploads\/2024\/08\/pexels-liza-summer-6348128.jpg 780w, https:\/\/findroomagency.com\/wp-content\/uploads\/2024\/08\/pexels-liza-summer-6348128.jpg 360w\" sizes=\"auto, (max-width: 480px) 150px\" src=\"https:\/\/findroomagency.com\/wp-content\/uploads\/2024\/08\/pexels-liza-summer-6348128.jpg\" alt=\"\" class=\"uag-image-21\" width=\"560\" height=\"450\" title=\"about-us-01\" loading=\"lazy\" role=\"img\"\/><\/figure><\/div>\n\n\n\n<div class=\"wp-block-uagb-info-box uagb-block-b0ae75bf uagb-infobox__content-wrap  uagb-infobox-icon-above-title uagb-infobox-image-valign-top\"><div class=\"uagb-ifb-content\"><div class=\"uagb-ifb-title-wrap\"><span class=\"uagb-ifb-title-prefix\">Our Story<\/span><h2 class=\"uagb-ifb-title\">Why choose us?<\/h2><\/div><p class=\"uagb-ifb-desc\">At FINDROOM, we understand how challenging it is to decide to move to another country to achieve your goals, along with the process involved. We know that the first step is finding a new home where you can feel at home, even when you're far from home. <br><br>Por eso, en FINDROOM te acompa\u00f1amos desde el principio, ya sea ayud\u00e1ndote en la b\u00fasqueda de una habitaci\u00f3n o verificando que la que has encontrado sea segura y libre de fraudes. Adem\u00e1s, nos aseguramos de que est\u00e9s al d\u00eda con los tr\u00e1mites legales durante tu estancia en Barcelona, para que puedas instalarte sin preocupaciones y disfrutar al m\u00e1ximo esta nueva etapa de tu vida.<br><br><\/p><\/div><\/div>\n<\/div><\/div>\n\n\n\n<div class=\"wp-block-uagb-container uagb-block-e48afbb0 alignfull uagb-is-root-container\"><div class=\"uagb-container-inner-blocks-wrap\">\n<div class=\"wp-block-uagb-info-box uagb-block-c1c19ed1 uagb-infobox__content-wrap  uagb-infobox-icon-above-title uagb-infobox-image-valign-top\"><div class=\"uagb-ifb-content\"><div class=\"uagb-ifb-title-wrap\"><span class=\"uagb-ifb-title-prefix\">Contact us now!<\/span><h2 class=\"uagb-ifb-title\">Ready to find your ideal room?<\/h2><\/div><p class=\"uagb-ifb-desc\">Don\u2019t wait any longer\u2014contact us for top-notch service and personalized advice. We\u2019re here for you!<\/p><div class=\"uagb-ifb-button-wrapper wp-block-button\"><a href=\"\/en\/contact\/\" class=\"uagb-infobox-cta-link wp-block-button__link\" target=\"_self\" rel=\"noopener noreferrer\" onclick=\"return true;\"><span class=\"uagb-inline-editing\">Book now!<\/span><\/a><\/div><\/div><\/div>\n<\/div><\/div>","protected":false},"excerpt":{"rendered":"<p>Acerca de Descubre nuestra historia y pasi\u00f3n Sobre nosotros \u00bfQui\u00e9nes somos? FINDROOM es una agencia especializada en asesoramiento integral para [&hellip;]<\/p>","protected":false},"author":1,"featured_media":0,"parent":0,"menu_order":0,"comment_status":"closed","ping_status":"closed","template":"","meta":{"om_disable_all_campaigns":false,"_surecart_dashboard_logo_width":"180px","_surecart_dashboard_show_logo":true,"_surecart_dashboard_navigation_orders":true,"_surecart_dashboard_navigation_subscriptions":true,"_surecart_dashboard_navigation_downloads":true,"_surecart_dashboard_navigation_billing":true,"_surecart_dashboard_navigation_account":true,"_uag_custom_page_level_css":"","_monsterinsights_skip_tracking":false,"_monsterinsights_sitenote_active":false,"_monsterinsights_sitenote_note":"","_monsterinsights_sitenote_category":0,"site-sidebar-layout":"default","site-content-layout":"","ast-site-content-layout":"","site-content-style":"default","site-sidebar-style":"default","ast-global-header-display":"","ast-banner-title-visibility":"","ast-main-header-display":"","ast-hfb-above-header-display":"","ast-hfb-below-header-display":"","ast-hfb-mobile-header-display":"","site-post-title":"disabled","ast-breadcrumbs-content":"","ast-featured-img":"","footer-sml-layout":"","theme-transparent-header-meta":"","adv-header-id-meta":"","stick-header-meta":"","header-above-stick-meta":"","header-main-stick-meta":"","header-below-stick-meta":"","astra-migrate-meta-layouts":"default","ast-page-background-enabled":"default","ast-page-background-meta":{"desktop":{"background-color":"var(--ast-global-color-4)","background-image":"","background-repeat":"repeat","background-position":"center center","background-size":"auto","background-attachment":"scroll","background-type":"","background-media":"","overlay-type":"","overlay-color":"","overlay-opacity":"","overlay-gradient":""},"tablet":{"background-color":"","background-image":"","background-repeat":"repeat","background-position":"center center","background-size":"auto","background-attachment":"scroll","background-type":"","background-media":"","overlay-type":"","overlay-color":"","overlay-opacity":"","overlay-gradient":""},"mobile":{"background-color":"","background-image":"","background-repeat":"repeat","background-position":"center center","background-size":"auto","background-attachment":"scroll","background-type":"","background-media":"","overlay-type":"","overlay-color":"","overlay-opacity":"","overlay-gradient":""}},"ast-content-background-meta":{"desktop":{"background-color":"var(--ast-global-color-5)","background-image":"","background-repeat":"repeat","background-position":"center center","background-size":"auto","background-attachment":"scroll","background-type":"","background-media":"","overlay-type":"","overlay-color":"","overlay-opacity":"","overlay-gradient":""},"tablet":{"background-color":"var(--ast-global-color-5)","background-image":"","background-repeat":"repeat","background-position":"center center","background-size":"auto","background-attachment":"scroll","background-type":"","background-media":"","overlay-type":"","overlay-color":"","overlay-opacity":"","overlay-gradient":""},"mobile":{"background-color":"var(--ast-global-color-5)","background-image":"","background-repeat":"repeat","background-position":"center center","background-size":"auto","background-attachment":"scroll","background-type":"","background-media":"","overlay-type":"","overlay-color":"","overlay-opacity":"","overlay-gradient":""}},"_glsr_average":0,"_glsr_ranking":0,"_glsr_reviews":0,"footnotes":""},"class_list":["post-212","page","type-page","status-publish","hentry"],"aioseo_notices":[],"jetpack_sharing_enabled":true,"uagb_featured_image_src":{"full":false,"thumbnail":false,"medium":false,"medium_large":false,"large":false,"1536x1536":false,"2048x2048":false,"trp-custom-language-flag":false,"woocommerce_thumbnail":false,"woocommerce_single":false,"woocommerce_gallery_thumbnail":false},"uagb_author_info":{"display_name":"findroom","author_link":"https:\/\/findroomagency.com\/en\/author\/findroom\/"},"uagb_comment_info":0,"uagb_excerpt":"Acerca de Descubre nuestra historia y pasi\u00f3n Sobre nosotros \u00bfQui\u00e9nes somos? FINDROOM es una agencia especializada en asesoramiento integral para [&hellip;]","_links":{"self":[{"href":"https:\/\/findroomagency.com\/en\/wp-json\/wp\/v2\/pages\/212","targetHints":{"allow":["GET"]}}],"collection":[{"href":"https:\/\/findroomagency.com\/en\/wp-json\/wp\/v2\/pages"}],"about":[{"href":"https:\/\/findroomagency.com\/en\/wp-json\/wp\/v2\/types\/page"}],"author":[{"embeddable":true,"href":"https:\/\/findroomagency.com\/en\/wp-json\/wp\/v2\/users\/1"}],"replies":[{"embeddable":true,"href":"https:\/\/findroomagency.com\/en\/wp-json\/wp\/v2\/comments?post=212"}],"version-history":[{"count":12,"href":"https:\/\/findroomagency.com\/en\/wp-json\/wp\/v2\/pages\/212\/revisions"}],"predecessor-version":[{"id":910,"href":"https:\/\/findroomagency.com\/en\/wp-json\/wp\/v2\/pages\/212\/revisions\/910"}],"wp:attachment":[{"href":"https:\/\/findroomagency.com\/en\/wp-json\/wp\/v2\/media?parent=212"}],"curies":[{"name":"wp","href":"https:\/\/api.w.org\/{rel}","templated":true}]}}