{"id":627,"date":"2024-08-05T01:57:18","date_gmt":"2024-08-05T01:57:18","guid":{"rendered":"https:\/\/findroomagency.com\/?post_type=product&#038;p=627"},"modified":"2025-01-13T09:06:22","modified_gmt":"2025-01-13T09:06:22","slug":"zonecheck","status":"publish","type":"product","link":"https:\/\/findroomagency.com\/en\/product\/zonecheck\/","title":{"rendered":"ZoneCheck"},"content":{"rendered":"<p>The ZoneCheck Pack includes everything offered in VistaRoom, but goes further by also evaluating the neighborhood. We assess public transportation accessibility, proximity to universities and workplaces, and check the closeness of restaurants and supermarkets. This pack provides a comprehensive view of the environment where you\u2019ll live, ensuring it suits your lifestyle.<\/p>","protected":false},"excerpt":{"rendered":"<p>El Pack ZoneCheck incluye todo lo que ofrece VistaRoom, pero va m\u00e1s all\u00e1 al evaluar tambi\u00e9n el vecindario. Analizamos la [&hellip;]<\/p>","protected":false},"featured_media":665,"template":"","meta":{"om_disable_all_campaigns":false,"_surecart_dashboard_logo_width":"180px","_surecart_dashboard_show_logo":true,"_surecart_dashboard_navigation_orders":true,"_surecart_dashboard_navigation_subscriptions":true,"_surecart_dashboard_navigation_downloads":true,"_surecart_dashboard_navigation_billing":true,"_surecart_dashboard_navigation_account":true,"_uag_custom_page_level_css":"","_monsterinsights_skip_tracking":false,"_monsterinsights_sitenote_active":false,"_monsterinsights_sitenote_note":"","_monsterinsights_sitenote_category":0,"site-sidebar-layout":"default","site-content-layout":"","ast-site-content-layout":"default","site-content-style":"default","site-sidebar-style":"default","ast-global-header-display":"","ast-banner-title-visibility":"","ast-main-header-display":"","ast-hfb-above-header-display":"","ast-hfb-below-header-display":"","ast-hfb-mobile-header-display":"","site-post-title":"","ast-breadcrumbs-content":"","ast-featured-img":"","footer-sml-layout":"","theme-transparent-header-meta":"default","adv-header-id-meta":"","stick-header-meta":"","header-above-stick-meta":"","header-main-stick-meta":"","header-below-stick-meta":"","astra-migrate-meta-layouts":"set","ast-page-background-enabled":"default","ast-page-background-meta":{"desktop":{"background-color":"var(--ast-global-color-4)","background-image":"","background-repeat":"repeat","background-position":"center center","background-size":"auto","background-attachment":"scroll","background-type":"","background-media":"","overlay-type":"","overlay-color":"","overlay-opacity":"","overlay-gradient":""},"tablet":{"background-color":"","background-image":"","background-repeat":"repeat","background-position":"center center","background-size":"auto","background-attachment":"scroll","background-type":"","background-media":"","overlay-type":"","overlay-color":"","overlay-opacity":"","overlay-gradient":""},"mobile":{"background-color":"","background-image":"","background-repeat":"repeat","background-position":"center center","background-size":"auto","background-attachment":"scroll","background-type":"","background-media":"","overlay-type":"","overlay-color":"","overlay-opacity":"","overlay-gradient":""}},"ast-content-background-meta":{"desktop":{"background-color":"var(--ast-global-color-5)","background-image":"","background-repeat":"repeat","background-position":"center center","background-size":"auto","background-attachment":"scroll","background-type":"","background-media":"","overlay-type":"","overlay-color":"","overlay-opacity":"","overlay-gradient":""},"tablet":{"background-color":"var(--ast-global-color-5)","background-image":"","background-repeat":"repeat","background-position":"center center","background-size":"auto","background-attachment":"scroll","background-type":"","background-media":"","overlay-type":"","overlay-color":"","overlay-opacity":"","overlay-gradient":""},"mobile":{"background-color":"var(--ast-global-color-5)","background-image":"","background-repeat":"repeat","background-position":"center center","background-size":"auto","background-attachment":"scroll","background-type":"","background-media":"","overlay-type":"","overlay-color":"","overlay-opacity":"","overlay-gradient":""}},"_glsr_average":0,"_glsr_ranking":0,"_glsr_reviews":0},"product_brand":[],"product_cat":[22],"product_tag":[],"class_list":{"0":"post-627","1":"product","2":"type-product","3":"status-publish","4":"has-post-thumbnail","6":"product_cat-paquetes","7":"desktop-align-left","8":"tablet-align-left","9":"mobile-align-left","11":"first","12":"instock","13":"virtual","14":"product-type-simple"},"aioseo_notices":[],"jetpack_sharing_enabled":true,"uagb_featured_image_src":{"full":["https:\/\/findroomagency.com\/wp-content\/uploads\/2024\/08\/pexels-shkrabaanthony-5816307-scaled.jpg",2560,1707,false],"thumbnail":["https:\/\/findroomagency.com\/wp-content\/uploads\/2024\/08\/pexels-shkrabaanthony-5816307-150x150.jpg",150,150,true],"medium":["https:\/\/findroomagency.com\/wp-content\/uploads\/2024\/08\/pexels-shkrabaanthony-5816307-300x200.jpg",300,200,true],"medium_large":["https:\/\/findroomagency.com\/wp-content\/uploads\/2024\/08\/pexels-shkrabaanthony-5816307-768x512.jpg",768,512,true],"large":["https:\/\/findroomagency.com\/wp-content\/uploads\/2024\/08\/pexels-shkrabaanthony-5816307-1024x683.jpg",1024,683,true],"1536x1536":["https:\/\/findroomagency.com\/wp-content\/uploads\/2024\/08\/pexels-shkrabaanthony-5816307-1536x1024.jpg",1536,1024,true],"2048x2048":["https:\/\/findroomagency.com\/wp-content\/uploads\/2024\/08\/pexels-shkrabaanthony-5816307-2048x1366.jpg",2048,1366,true],"trp-custom-language-flag":["https:\/\/findroomagency.com\/wp-content\/uploads\/2024\/08\/pexels-shkrabaanthony-5816307-scaled.jpg",18,12,false],"woocommerce_thumbnail":["https:\/\/findroomagency.com\/wp-content\/uploads\/2024\/08\/pexels-shkrabaanthony-5816307-300x300.jpg",300,300,true],"woocommerce_single":["https:\/\/findroomagency.com\/wp-content\/uploads\/2024\/08\/pexels-shkrabaanthony-5816307-600x400.jpg",600,400,true],"woocommerce_gallery_thumbnail":["https:\/\/findroomagency.com\/wp-content\/uploads\/2024\/08\/pexels-shkrabaanthony-5816307-100x100.jpg",100,100,true]},"uagb_author_info":{"display_name":"findroom","author_link":"https:\/\/findroomagency.com\/en\/author\/"},"uagb_comment_info":0,"uagb_excerpt":"El Pack ZoneCheck incluye todo lo que ofrece VistaRoom, pero va m\u00e1s all\u00e1 al evaluar tambi\u00e9n el vecindario. Analizamos la [&hellip;]","_links":{"self":[{"href":"https:\/\/findroomagency.com\/en\/wp-json\/wp\/v2\/product\/627","targetHints":{"allow":["GET"]}}],"collection":[{"href":"https:\/\/findroomagency.com\/en\/wp-json\/wp\/v2\/product"}],"about":[{"href":"https:\/\/findroomagency.com\/en\/wp-json\/wp\/v2\/types\/product"}],"wp:featuredmedia":[{"embeddable":true,"href":"https:\/\/findroomagency.com\/en\/wp-json\/wp\/v2\/media\/665"}],"wp:attachment":[{"href":"https:\/\/findroomagency.com\/en\/wp-json\/wp\/v2\/media?parent=627"}],"wp:term":[{"taxonomy":"product_brand","embeddable":true,"href":"https:\/\/findroomagency.com\/en\/wp-json\/wp\/v2\/product_brand?post=627"},{"taxonomy":"product_cat","embeddable":true,"href":"https:\/\/findroomagency.com\/en\/wp-json\/wp\/v2\/product_cat?post=627"},{"taxonomy":"product_tag","embeddable":true,"href":"https:\/\/findroomagency.com\/en\/wp-json\/wp\/v2\/product_tag?post=627"}],"curies":[{"name":"wp","href":"https:\/\/api.w.org\/{rel}","templated":true}]}}